{"id":56281,"date":"2022-06-30T10:00:20","date_gmt":"2022-06-30T10:00:20","guid":{"rendered":"http:\/\/thefreedomtheatre.org\/?page_id=56281"},"modified":"2022-06-30T11:50:58","modified_gmt":"2022-06-30T11:50:58","slug":"france","status":"publish","type":"page","link":"https:\/\/thefreedomtheatre.org\/ar\/france\/","title":{"rendered":"France"},"content":{"rendered":"<div data-elementor-type=\"wp-page\" data-elementor-id=\"56281\" class=\"elementor elementor-56281\" data-elementor-post-type=\"page\">\n\t\t\t\t\t\t<section class=\"elementor-section elementor-top-section elementor-element elementor-element-b047d21 elementor-section-boxed elementor-section-height-default elementor-section-height-default\" data-id=\"b047d21\" data-element_type=\"section\" data-e-type=\"section\" data-settings=\"{&quot;background_background&quot;:&quot;classic&quot;}\">\n\t\t\t\t\t\t<div class=\"elementor-container elementor-column-gap-default\">\n\t\t\t\t\t<div class=\"elementor-column elementor-col-100 elementor-top-column elementor-element elementor-element-715287e\" data-id=\"715287e\" data-element_type=\"column\" data-e-type=\"column\">\n\t\t\t<div class=\"elementor-widget-wrap elementor-element-populated\">\n\t\t\t\t\t\t<div class=\"elementor-element elementor-element-491fdf1 elementor-widget elementor-widget-heading\" data-id=\"491fdf1\" data-element_type=\"widget\" data-e-type=\"widget\" data-widget_type=\"heading.default\">\n\t\t\t\t<div class=\"elementor-widget-container\">\n\t\t\t\t\t<h2 class=\"elementor-heading-title elementor-size-default\">France<\/h2>\t\t\t\t<\/div>\n\t\t\t\t<\/div>\n\t\t\t\t\t<\/div>\n\t\t<\/div>\n\t\t\t\t\t<\/div>\n\t\t<\/section>\n\t\t\t\t<section class=\"elementor-section elementor-top-section elementor-element elementor-element-16031ba elementor-section-content-middle elementor-reverse-tablet elementor-reverse-mobile elementor-section-boxed elementor-section-height-default elementor-section-height-default\" data-id=\"16031ba\" data-element_type=\"section\" data-e-type=\"section\" data-settings=\"{&quot;background_background&quot;:&quot;classic&quot;}\">\n\t\t\t\t\t\t<div class=\"elementor-container elementor-column-gap-no\">\n\t\t\t\t\t<div class=\"elementor-column elementor-col-50 elementor-top-column elementor-element elementor-element-477b13b\" data-id=\"477b13b\" data-element_type=\"column\" data-e-type=\"column\">\n\t\t\t<div class=\"elementor-widget-wrap elementor-element-populated\">\n\t\t\t\t\t\t<div class=\"elementor-element elementor-element-95ac0d8 elementor-widget elementor-widget-text-editor\" data-id=\"95ac0d8\" data-element_type=\"widget\" data-e-type=\"widget\" data-widget_type=\"text-editor.default\">\n\t\t\t\t<div class=\"elementor-widget-container\">\n\t\t\t\t\t\t\t\t\t<p>Les Amis du Th\u00e9\u00e2tre de la Libert\u00e9 de J\u00e9nine (ATLJ) was established in 2006, after a presentation of Juliano Mer Khamis\u2019 film \u201aArna\u2019s Children\u2018, in a momentum of solidarity for the cultural resistance to the Israeli occupation of Palestine. All members of ATLJ are active in the solidarity movement for the rights of the Palestinian people.<\/p><p>Les Amis du Th\u00e9\u00e2tre de la Libert\u00e9 de J\u00e9nine intends to act within the cultural struggle defined by two major voices,\u00a0that of Edward Sa\u00efd:<\/p><p>\u201cThe power of culture against the culture of power\u201d<\/p><p>and that of Arna Mer Khamis:<\/p><p>\u201cThere is no freedom without knowledge<br \/>There is no peace without freedom<br \/>Peace and freedom are inseparable\u201d<\/p>\t\t\t\t\t\t\t\t<\/div>\n\t\t\t\t<\/div>\n\t\t\t\t\t<\/div>\n\t\t<\/div>\n\t\t\t\t<div class=\"elementor-column elementor-col-50 elementor-top-column elementor-element elementor-element-804819e\" data-id=\"804819e\" data-element_type=\"column\" data-e-type=\"column\">\n\t\t\t<div class=\"elementor-widget-wrap elementor-element-populated\">\n\t\t\t\t\t\t<div class=\"elementor-element elementor-element-26c65f8 elementor-widget elementor-widget-image\" data-id=\"26c65f8\" data-element_type=\"widget\" data-e-type=\"widget\" data-widget_type=\"image.default\">\n\t\t\t\t<div class=\"elementor-widget-container\">\n\t\t\t\t\t\t\t\t\t\t\t\t\t\t\t<img fetchpriority=\"high\" decoding=\"async\" width=\"800\" height=\"600\" src=\"https:\/\/thefreedomtheatre.org\/wp-content\/uploads\/2022\/06\/France1.jpg\" class=\"attachment-large size-large wp-image-56283\" alt=\"\" srcset=\"https:\/\/thefreedomtheatre.org\/wp-content\/uploads\/2022\/06\/France1.jpg 1024w, https:\/\/thefreedomtheatre.org\/wp-content\/uploads\/2022\/06\/France1-300x225.jpg 300w, https:\/\/thefreedomtheatre.org\/wp-content\/uploads\/2022\/06\/France1-768x576.jpg 768w, https:\/\/thefreedomtheatre.org\/wp-content\/uploads\/2022\/06\/France1-16x12.jpg 16w\" sizes=\"(max-width: 800px) 100vw, 800px\" \/>\t\t\t\t\t\t\t\t\t\t\t\t\t\t\t<\/div>\n\t\t\t\t<\/div>\n\t\t\t\t\t<\/div>\n\t\t<\/div>\n\t\t\t\t\t<\/div>\n\t\t<\/section>\n\t\t\t\t<section class=\"elementor-section elementor-top-section elementor-element elementor-element-7a73469 elementor-section-boxed elementor-section-height-default elementor-section-height-default\" data-id=\"7a73469\" data-element_type=\"section\" data-e-type=\"section\" data-settings=\"{&quot;background_background&quot;:&quot;classic&quot;}\">\n\t\t\t\t\t\t<div class=\"elementor-container elementor-column-gap-default\">\n\t\t\t\t\t<div class=\"elementor-column elementor-col-100 elementor-top-column elementor-element elementor-element-55242c6\" data-id=\"55242c6\" data-element_type=\"column\" data-e-type=\"column\">\n\t\t\t<div class=\"elementor-widget-wrap elementor-element-populated\">\n\t\t\t\t\t\t<section class=\"elementor-section elementor-inner-section elementor-element elementor-element-c48d19d elementor-section-boxed elementor-section-height-default elementor-section-height-default\" data-id=\"c48d19d\" data-element_type=\"section\" data-e-type=\"section\">\n\t\t\t\t\t\t<div class=\"elementor-container elementor-column-gap-default\">\n\t\t\t\t\t<div class=\"elementor-column elementor-col-100 elementor-inner-column elementor-element elementor-element-35a6bd4\" data-id=\"35a6bd4\" data-element_type=\"column\" data-e-type=\"column\">\n\t\t\t<div class=\"elementor-widget-wrap elementor-element-populated\">\n\t\t\t\t\t\t<div class=\"elementor-element elementor-element-8061eee elementor-widget elementor-widget-heading\" data-id=\"8061eee\" data-element_type=\"widget\" data-e-type=\"widget\" data-widget_type=\"heading.default\">\n\t\t\t\t<div class=\"elementor-widget-container\">\n\t\t\t\t\t<h2 class=\"elementor-heading-title elementor-size-default\">Mission<\/h2>\t\t\t\t<\/div>\n\t\t\t\t<\/div>\n\t\t\t\t<div class=\"elementor-element elementor-element-b1c01c0 elementor-widget elementor-widget-text-editor\" data-id=\"b1c01c0\" data-element_type=\"widget\" data-e-type=\"widget\" data-widget_type=\"text-editor.default\">\n\t\t\t\t<div class=\"elementor-widget-container\">\n\t\t\t\t\t\t\t\t\t<ul><li>Help children from the Jenin refugee camp to take part in cultural activities and to get another vision than that imposed by the occupation<\/li><li>Promote The Freedom Theatre outside Palestine<\/li><li>Collect money to contribute to the construction and equipment of the theatre building<\/li><li>Support The Freedom Theatre\u2019s development through the Acting School, international tours etc.<\/li><li>Help The Freedom Theatre to host performances by companies from abroad, particularly from France, with the aim of creating new links.<\/li><\/ul>\t\t\t\t\t\t\t\t<\/div>\n\t\t\t\t<\/div>\n\t\t\t\t\t<\/div>\n\t\t<\/div>\n\t\t\t\t\t<\/div>\n\t\t<\/section>\n\t\t\t\t<section class=\"elementor-section elementor-inner-section elementor-element elementor-element-42ad687 elementor-section-boxed elementor-section-height-default elementor-section-height-default\" data-id=\"42ad687\" data-element_type=\"section\" data-e-type=\"section\">\n\t\t\t\t\t\t<div class=\"elementor-container elementor-column-gap-default\">\n\t\t\t\t\t<div class=\"elementor-column elementor-col-100 elementor-inner-column elementor-element elementor-element-023279f\" data-id=\"023279f\" data-element_type=\"column\" data-e-type=\"column\">\n\t\t\t<div class=\"elementor-widget-wrap elementor-element-populated\">\n\t\t\t\t\t\t<div class=\"elementor-element elementor-element-e4f7b94 elementor-widget elementor-widget-heading\" data-id=\"e4f7b94\" data-element_type=\"widget\" data-e-type=\"widget\" data-widget_type=\"heading.default\">\n\t\t\t\t<div class=\"elementor-widget-container\">\n\t\t\t\t\t<h2 class=\"elementor-heading-title elementor-size-default\">Activities<\/h2>\t\t\t\t<\/div>\n\t\t\t\t<\/div>\n\t\t\t\t<div class=\"elementor-element elementor-element-51d1d96 elementor-widget elementor-widget-text-editor\" data-id=\"51d1d96\" data-element_type=\"widget\" data-e-type=\"widget\" data-widget_type=\"text-editor.default\">\n\t\t\t\t<div class=\"elementor-widget-container\">\n\t\t\t\t\t\t\t\t\t<p>For the first two years of our existence, we focused on spreading information about The Freedom Theatre in France through public meetings and screenings. Since then, we have mainly focused on organizing tours for The Freedom Theatre in France.\u00a0We are also doing some fundraising through public meetings and applications to grants from foundations.<\/p><p>In August 2011, at a time when The Freedom Theatre was harassed and several staff members arrested and detained, we launched a petition demanding an immediate ending of attacks against The Freedom Theatre and its staff; the release of anybody linked to The Freedom Theatre being detained or charged by the Israeli occupation authorities; action on the part of Palestinian judicial authorities to investigate on Juliano Mer Khamis\u2019 assassination; Compensation from Israeli authorities for the damages caused when they attacked the theatre on July 27 and August 22, 2011; and complete freedom of movement for The Freedom Theatre\u2019s members, in Palestine, Israel or elsewhere.\u00a0This petition was signed by more than 2 000 people, among them many renowned artists.<\/p><p><a href=\"mailto:theatrejenine@yahoo.fr\">E-mail<\/a>\u00a0|\u00a0<a href=\"http:\/\/www.atljenine.net\/\" target=\"_blank\" rel=\"noopener\">Website<\/a><\/p><p>Contact persons:<\/p><p>Sonia Fayman, chairperson<br \/>Zahia Oumakhlouf, vice chairperson<\/p>\t\t\t\t\t\t\t\t<\/div>\n\t\t\t\t<\/div>\n\t\t\t\t\t<\/div>\n\t\t<\/div>\n\t\t\t\t\t<\/div>\n\t\t<\/section>\n\t\t\t\t\t<\/div>\n\t\t<\/div>\n\t\t\t\t\t<\/div>\n\t\t<\/section>\n\t\t\t\t<\/div>","protected":false},"excerpt":{"rendered":"<p>France Les Amis du Th\u00e9\u00e2tre de la Libert\u00e9 de J\u00e9nine (ATLJ) was established in 2006, after a presentation of Juliano Mer Khamis\u2019 film \u201aArna\u2019s Children\u2018, in a momentum of solidarity for the cultural resistance to the Israeli occupation of Palestine. All members of ATLJ are active in the solidarity movement for the rights of the [&hellip;]<\/p>","protected":false},"author":1,"featured_media":0,"parent":0,"menu_order":0,"comment_status":"closed","ping_status":"closed","template":"elementor_header_footer","meta":{"give_campaign_id":0,"footnotes":""},"class_list":["post-56281","page","type-page","status-publish","hentry"],"campaignId":"","_links":{"self":[{"href":"https:\/\/thefreedomtheatre.org\/ar\/wp-json\/wp\/v2\/pages\/56281","targetHints":{"allow":["GET"]}}],"collection":[{"href":"https:\/\/thefreedomtheatre.org\/ar\/wp-json\/wp\/v2\/pages"}],"about":[{"href":"https:\/\/thefreedomtheatre.org\/ar\/wp-json\/wp\/v2\/types\/page"}],"author":[{"embeddable":true,"href":"https:\/\/thefreedomtheatre.org\/ar\/wp-json\/wp\/v2\/users\/1"}],"replies":[{"embeddable":true,"href":"https:\/\/thefreedomtheatre.org\/ar\/wp-json\/wp\/v2\/comments?post=56281"}],"version-history":[{"count":7,"href":"https:\/\/thefreedomtheatre.org\/ar\/wp-json\/wp\/v2\/pages\/56281\/revisions"}],"predecessor-version":[{"id":56362,"href":"https:\/\/thefreedomtheatre.org\/ar\/wp-json\/wp\/v2\/pages\/56281\/revisions\/56362"}],"wp:attachment":[{"href":"https:\/\/thefreedomtheatre.org\/ar\/wp-json\/wp\/v2\/media?parent=56281"}],"curies":[{"name":"wp","href":"https:\/\/api.w.org\/{rel}","templated":true}]}}